{"id":345,"date":"2021-11-27T15:57:42","date_gmt":"2021-11-27T15:57:42","guid":{"rendered":"https:\/\/djkuls.de\/?page_id=345"},"modified":"2021-11-27T15:59:20","modified_gmt":"2021-11-27T15:59:20","slug":"copyright","status":"publish","type":"page","link":"https:\/\/djkuls.de\/tr\/copyright","title":{"rendered":"Copyright"},"content":{"rendered":"<h4 class=\"wp-block-heading\">Disclaimer!<\/h4>\n\n\n\n<p>Die Firma Kuls-Media Center \u00fcbernimmt keine Verantwortung f\u00fcr Inhalte auf fremde Server, auch wenn auf diese per Link vom <a href=\"https:\/\/djkuls.de\/tr\/\">www.djkuls.de<\/a> aus verwiesen wird.<\/p>\n\n\n\n<p>Kuls Media distanziert sich ausdr\u00fccklich von allen Inhalten, die gegen geltendes Recht oder ethische Grunds\u00e4tze versto\u00dfen.<\/p>\n\n\n\n<h4 class=\"wp-block-heading\">Copyright!<\/h4>\n\n\n\n<p>Alle Rechte vorbehalten. Die auf der Website verwendeten Texte, Bilder, Grafiken, Dateien usw. unterliegen dem Urheberrecht und anderen Gesetzen zum Schutz des geistigen Eigentums. Ihre Weitergabe, Ver\u00e4nderung, gewerbliche Nutzung oder Verwendung in anderen Websites oder Medien ist nicht gestattet.<\/p>\n\n\n\n<div style=\"height:20px\" aria-hidden=\"true\" class=\"wp-block-spacer\"><\/div>\n\n\n\n<p>Payla\u015f:<\/p>\n\n\n<div class='maxsocial maxsocial-1 horizontal' data-collection='1'> \t\t\t\t\t   <span class='mb-item item-0'> \t\t\t\t\t\t\t\t<a href='https:\/\/www.facebook.com\/sharer.php?u=https:\/\/djkuls.de\/tr\/copyright' class='mb-social' data-popup=\"{&quot;width&quot;:550,&quot;height&quot;:320}\" rel=\"noopener nofollow\"> \t\t\t\t\t\t<span class='mb-icon-wrapper'> \t\t\t\t\t\t\t\t\t\t\t <span class='mb-icon'><svg class=\"svg-mbp-fa\" width=\"20\" height=\"20\" aria-hidden=\"true\" role=\"img\" xmlns=\"http:\/\/www.w3.org\/2000\/svg\" viewbox=\"0 0 320 512\"><path fill=\"currentColor\" d=\"M279.14 288l14.22-92.66h-88.91v-60.13c0-25.35 12.42-50.06 52.24-50.06h40.42V6.26S260.43 0 225.36 0c-73.22 0-121.08 44.38-121.08 124.72v70.62H22.89V288h81.39v224h100.17V288z\"><\/path><\/svg><\/span> <\/span><span class=\"mb-label\">Payla\u015f<\/span><\/a><\/span><span class='mb-item item-1'> \t\t\t\t\t\t\t\t<a href='https:\/\/twitter.com\/intent\/tweet\/?url=https%3A%2F%2Fdjkuls.de%2Ftr%2Fcopyright&text=Copyright' class='mb-social' data-popup=\"{&quot;width&quot;:550,&quot;height&quot;:320}\" rel=\"noopener nofollow\"> \t\t\t\t\t\t<span class='mb-icon-wrapper'> \t\t\t\t\t\t\t\t\t\t\t <span class='mb-icon'><svg class=\"svg-mbp-fa\" width=\"20\" height=\"20\" aria-hidden=\"true\" role=\"img\" xmlns=\"http:\/\/www.w3.org\/2000\/svg\" viewbox=\"0 0 512 512\"><path fill=\"currentColor\" d=\"M459.37 151.716c.325 4.548.325 9.097.325 13.645 0 138.72-105.583 298.558-298.558 298.558-59.452 0-114.68-17.219-161.137-47.106 8.447.974 16.568 1.299 25.34 1.299 49.055 0 94.213-16.568 130.274-44.832-46.132-.975-84.792-31.188-98.112-72.772 6.498.974 12.995 1.624 19.818 1.624 9.421 0 18.843-1.3 27.614-3.573-48.081-9.747-84.143-51.98-84.143-102.985v-1.299c13.969 7.797 30.214 12.67 47.431 13.319-28.264-18.843-46.781-51.005-46.781-87.391 0-19.492 5.197-37.36 14.294-52.954 51.655 63.675 129.3 105.258 216.365 109.807-1.624-7.797-2.599-15.918-2.599-24.04 0-57.828 46.782-104.934 104.934-104.934 30.213 0 57.502 12.67 76.67 33.137 23.715-4.548 46.456-13.32 66.599-25.34-7.798 24.366-24.366 44.833-46.132 57.827 21.117-2.273 41.584-8.122 60.426-16.243-14.292 20.791-32.161 39.308-52.628 54.253z\"><\/path><\/svg><\/span> <\/span><span class=\"mb-label\">Tweet<\/span><\/a><\/span><span class='mb-item item-2'> \t\t\t\t\t\t\t\t<a href='https:\/\/www.linkedin.com\/shareArticle?mini=true&url=https:\/\/djkuls.de\/tr\/copyright' class='mb-social' data-popup=\"{&quot;width&quot;:700,&quot;height&quot;:500}\" rel=\"noopener nofollow\"> \t\t\t\t\t\t<span class='mb-icon-wrapper'> \t\t\t\t\t\t\t\t\t\t\t <span class='mb-icon'><svg class=\"svg-mbp-fa\" width=\"20\" height=\"20\" aria-hidden=\"true\" role=\"img\" xmlns=\"http:\/\/www.w3.org\/2000\/svg\" viewbox=\"0 0 448 512\"><path fill=\"currentColor\" d=\"M100.28 448H7.4V148.9h92.88zM53.79 108.1C24.09 108.1 0 83.5 0 53.8a53.79 53.79 0 0 1 107.58 0c0 29.7-24.1 54.3-53.79 54.3zM447.9 448h-92.68V302.4c0-34.7-.7-79.2-48.29-79.2-48.29 0-55.69 37.7-55.69 76.7V448h-92.78V148.9h89.08v40.8h1.3c12.4-23.5 42.69-48.3 87.88-48.3 94 0 111.28 61.9 111.28 142.3V448z\"><\/path><\/svg><\/span> <\/span><span class=\"mb-label\">Payla\u015f<\/span><\/a><\/span><span class='mb-item item-3'> \t\t\t\t\t\t\t\t<a href='https:\/\/instagram.com\/' class='mb-social' data-popup=\"{&quot;width&quot;:400,&quot;height&quot;:300}\" rel=\"noopener nofollow\"> \t\t\t\t\t\t<span class='mb-icon-wrapper'> \t\t\t\t\t\t\t\t\t\t\t <span class='mb-icon'><svg class=\"svg-mbp-fa\" width=\"20\" height=\"20\" aria-hidden=\"true\" role=\"img\" xmlns=\"http:\/\/www.w3.org\/2000\/svg\" viewbox=\"0 0 448 512\"><path fill=\"currentColor\" d=\"M224.1 141c-63.6 0-114.9 51.3-114.9 114.9s51.3 114.9 114.9 114.9S339 319.5 339 255.9 287.7 141 224.1 141zm0 189.6c-41.1 0-74.7-33.5-74.7-74.7s33.5-74.7 74.7-74.7 74.7 33.5 74.7 74.7-33.6 74.7-74.7 74.7zm146.4-194.3c0 14.9-12 26.8-26.8 26.8-14.9 0-26.8-12-26.8-26.8s12-26.8 26.8-26.8 26.8 12 26.8 26.8zm76.1 27.2c-1.7-35.9-9.9-67.7-36.2-93.9-26.2-26.2-58-34.4-93.9-36.2-37-2.1-147.9-2.1-184.9 0-35.8 1.7-67.6 9.9-93.9 36.1s-34.4 58-36.2 93.9c-2.1 37-2.1 147.9 0 184.9 1.7 35.9 9.9 67.7 36.2 93.9s58 34.4 93.9 36.2c37 2.1 147.9 2.1 184.9 0 35.9-1.7 67.7-9.9 93.9-36.2 26.2-26.2 34.4-58 36.2-93.9 2.1-37 2.1-147.8 0-184.8zM398.8 388c-7.8 19.6-22.9 34.7-42.6 42.6-29.5 11.7-99.5 9-132.1 9s-102.7 2.6-132.1-9c-19.6-7.8-34.7-22.9-42.6-42.6-11.7-29.5-9-99.5-9-132.1s-2.6-102.7 9-132.1c7.8-19.6 22.9-34.7 42.6-42.6 29.5-11.7 99.5-9 132.1-9s102.7-2.6 132.1 9c19.6 7.8 34.7 22.9 42.6 42.6 11.7 29.5 9 99.5 9 132.1s2.7 102.7-9 132.1z\"><\/path><\/svg><\/span> <\/span><span class=\"mb-label\">Takip<\/span><\/a><\/span><span class='mb-item item-4'> \t\t\t\t\t\t\t\t<a href='mailto:?subject=Copyright&body=https:\/\/djkuls.de\/tr\/copyright' class='mb-social' rel=\"noopener nofollow\"> \t\t\t\t\t\t<span class='mb-icon-wrapper'> \t\t\t\t\t\t\t\t\t\t\t <span class='mb-icon'><svg class=\"svg-mbp-fa\" width=\"20\" height=\"20\" aria-hidden=\"true\" role=\"img\" xmlns=\"http:\/\/www.w3.org\/2000\/svg\" viewbox=\"0 0 512 512\"><path fill=\"currentColor\" d=\"M502.3 190.8c3.9-3.1 9.7-.2 9.7 4.7V400c0 26.5-21.5 48-48 48H48c-26.5 0-48-21.5-48-48V195.6c0-5 5.7-7.8 9.7-4.7 22.4 17.4 52.1 39.5 154.1 113.6 21.1 15.4 56.7 47.8 92.2 47.6 35.7.3 72-32.8 92.3-47.6 102-74.1 131.6-96.3 154-113.7zM256 320c23.2.4 56.6-29.2 73.4-41.4 132.7-96.3 142.8-104.7 173.4-128.7 5.8-4.5 9.2-11.5 9.2-18.9v-19c0-26.5-21.5-48-48-48H48C21.5 64 0 85.5 0 112v19c0 7.4 3.4 14.3 9.2 18.9 30.6 23.9 40.7 32.4 173.4 128.7 16.8 12.2 50.2 41.8 73.4 41.4z\"><\/path><\/svg><\/span> <\/span><span class=\"mb-label\">E-Posta<\/span><\/a><\/span><\/div>","protected":false},"excerpt":{"rendered":"<p>Disclaimer! Die Firma Kuls-Media Center \u00fcbernimmt keine Verantwortung f\u00fcr Inhalte auf fremde Server, auch wenn auf diese per Link vom www.djkuls.de aus verwiesen wird. Kuls Media distanziert sich ausdr\u00fccklich von allen Inhalten, die gegen geltendes Recht oder ethische Grunds\u00e4tze versto\u00dfen. Copyright! Alle Rechte vorbehalten. Die auf der Website verwendeten Texte, Bilder, Grafiken, Dateien usw. unterliegen [&hellip;]<\/p>","protected":false},"author":1,"featured_media":0,"parent":0,"menu_order":0,"comment_status":"closed","ping_status":"closed","template":"","meta":{"_coblocks_attr":"","_coblocks_dimensions":"","_coblocks_responsive_height":"","_coblocks_accordion_ie_support":"","_uag_custom_page_level_css":"","_themeisle_gutenberg_block_has_review":false,"footnotes":""},"class_list":["post-345","page","type-page","status-publish","hentry"],"featured_image_src":null,"featured_image_urls":{"full":"","thumbnail":"","medium":"","medium_large":"","large":"","1536x1536":"","2048x2048":"","trp-custom-language-flag":"","gb-block-post-grid-landscape":"","gb-block-post-grid-square":""},"post_excerpt_stackable":"<p>Disclaimer! Die Firma Kuls-Media Center \u00fcbernimmt keine Verantwortung f\u00fcr Inhalte auf fremde Server, auch wenn auf diese per Link vom www.djkuls.de aus verwiesen wird. Kuls Media distanziert sich ausdr\u00fccklich von allen Inhalten, die gegen geltendes Recht oder ethische Grunds\u00e4tze versto\u00dfen. Copyright! Alle Rechte vorbehalten. Die auf der Website verwendeten Texte, Bilder, Grafiken, Dateien usw. unterliegen dem Urheberrecht und anderen Gesetzen zum Schutz des geistigen Eigentums. Ihre Weitergabe, Ver\u00e4nderung, gewerbliche Nutzung oder Verwendung in anderen Websites oder Medien ist nicht gestattet. Teilen mit: Share Tweet Share Follow Email<\/p>\n","category_list":"","author_info":{"name":"EsrefYil21","url":"https:\/\/djkuls.de\/tr\/author\/esrefyil21"},"comments_num":"0 comments","yoast_head":"<!-- This site is optimized with the Yoast SEO plugin v26.8 - https:\/\/yoast.com\/product\/yoast-seo-wordpress\/ -->\n<title>Copyright - Djkuls<\/title>\n<meta name=\"robots\" content=\"index, follow, max-snippet:-1, max-image-preview:large, max-video-preview:-1\" \/>\n<link rel=\"canonical\" href=\"https:\/\/djkuls.de\/tr\/copyright\/\" \/>\n<meta property=\"og:locale\" content=\"tr_TR\" \/>\n<meta property=\"og:type\" content=\"article\" \/>\n<meta property=\"og:title\" content=\"Copyright - Djkuls\" \/>\n<meta property=\"og:description\" content=\"Disclaimer! Die Firma Kuls-Media Center \u00fcbernimmt keine Verantwortung f\u00fcr Inhalte auf fremde Server, auch wenn auf diese per Link vom www.djkuls.de aus verwiesen wird. Kuls Media distanziert sich ausdr\u00fccklich von allen Inhalten, die gegen geltendes Recht oder ethische Grunds\u00e4tze versto\u00dfen. Copyright! Alle Rechte vorbehalten. Die auf der Website verwendeten Texte, Bilder, Grafiken, Dateien usw. unterliegen [&hellip;]\" \/>\n<meta property=\"og:url\" content=\"https:\/\/djkuls.de\/tr\/copyright\/\" \/>\n<meta property=\"og:site_name\" content=\"Djkuls\" \/>\n<meta property=\"article:publisher\" content=\"https:\/\/www.facebook.com\/djkuls\/?locale=de_DE\" \/>\n<meta property=\"article:modified_time\" content=\"2021-11-27T15:59:20+00:00\" \/>\n<meta property=\"og:image\" content=\"https:\/\/djkuls.de\/wp-content\/uploads\/2021\/11\/Kuls_Logo_512x512BL.png\" \/>\n\t<meta property=\"og:image:width\" content=\"512\" \/>\n\t<meta property=\"og:image:height\" content=\"512\" \/>\n\t<meta property=\"og:image:type\" content=\"image\/png\" \/>\n<meta name=\"twitter:card\" content=\"summary_large_image\" \/>\n<meta name=\"twitter:label1\" content=\"Tahmini okuma s\u00fcresi\" \/>\n\t<meta name=\"twitter:data1\" content=\"1 dakika\" \/>\n<script type=\"application\/ld+json\" class=\"yoast-schema-graph\">{\"@context\":\"https:\/\/schema.org\",\"@graph\":[{\"@type\":\"WebPage\",\"@id\":\"https:\/\/djkuls.de\/copyright\",\"url\":\"https:\/\/djkuls.de\/copyright\",\"name\":\"Copyright - Djkuls\",\"isPartOf\":{\"@id\":\"https:\/\/djkuls.de\/#website\"},\"datePublished\":\"2021-11-27T15:57:42+00:00\",\"dateModified\":\"2021-11-27T15:59:20+00:00\",\"breadcrumb\":{\"@id\":\"https:\/\/djkuls.de\/copyright#breadcrumb\"},\"inLanguage\":\"tr\",\"potentialAction\":[{\"@type\":\"ReadAction\",\"target\":[\"https:\/\/djkuls.de\/copyright\"]}]},{\"@type\":\"BreadcrumbList\",\"@id\":\"https:\/\/djkuls.de\/copyright#breadcrumb\",\"itemListElement\":[{\"@type\":\"ListItem\",\"position\":1,\"name\":\"Startseite\",\"item\":\"https:\/\/djkuls.de\/\"},{\"@type\":\"ListItem\",\"position\":2,\"name\":\"Copyright\"}]},{\"@type\":\"WebSite\",\"@id\":\"https:\/\/djkuls.de\/#website\",\"url\":\"https:\/\/djkuls.de\/\",\"name\":\"Djkuls Hochzeit und Event - Veranstaltungen\",\"description\":\"\",\"publisher\":{\"@id\":\"https:\/\/djkuls.de\/#organization\"},\"alternateName\":\"Djkuls D\u00fcg\u00fcn ve Kina organizasyonu\",\"potentialAction\":[{\"@type\":\"SearchAction\",\"target\":{\"@type\":\"EntryPoint\",\"urlTemplate\":\"https:\/\/djkuls.de\/?s={search_term_string}\"},\"query-input\":{\"@type\":\"PropertyValueSpecification\",\"valueRequired\":true,\"valueName\":\"search_term_string\"}}],\"inLanguage\":\"tr\"},{\"@type\":\"Organization\",\"@id\":\"https:\/\/djkuls.de\/#organization\",\"name\":\"Djkuls Events und Veranstaltungen\",\"alternateName\":\"Djkuls d\u00fcg\u00fcn ve Kina organizasyon\",\"url\":\"https:\/\/djkuls.de\/\",\"logo\":{\"@type\":\"ImageObject\",\"inLanguage\":\"tr\",\"@id\":\"https:\/\/djkuls.de\/#\/schema\/logo\/image\/\",\"url\":\"https:\/\/djkuls.de\/wp-content\/uploads\/2021\/11\/cropped-Kuls_Logo_512x512BL.png\",\"contentUrl\":\"https:\/\/djkuls.de\/wp-content\/uploads\/2021\/11\/cropped-Kuls_Logo_512x512BL.png\",\"width\":512,\"height\":512,\"caption\":\"Djkuls Events und Veranstaltungen\"},\"image\":{\"@id\":\"https:\/\/djkuls.de\/#\/schema\/logo\/image\/\"},\"sameAs\":[\"https:\/\/www.facebook.com\/djkuls\/?locale=de_DE\",\"https:\/\/www.youtube.com\/channel\/UCbl3rmZKeZmXOHxOoCPL1Kw\/videos\"]}]}<\/script>\n<!-- \/ Yoast SEO plugin. -->","yoast_head_json":{"title":"Copyright - Djkuls","robots":{"index":"index","follow":"follow","max-snippet":"max-snippet:-1","max-image-preview":"max-image-preview:large","max-video-preview":"max-video-preview:-1"},"canonical":"https:\/\/djkuls.de\/tr\/copyright\/","og_locale":"tr_TR","og_type":"article","og_title":"Copyright - Djkuls","og_description":"Disclaimer! Die Firma Kuls-Media Center \u00fcbernimmt keine Verantwortung f\u00fcr Inhalte auf fremde Server, auch wenn auf diese per Link vom www.djkuls.de aus verwiesen wird. Kuls Media distanziert sich ausdr\u00fccklich von allen Inhalten, die gegen geltendes Recht oder ethische Grunds\u00e4tze versto\u00dfen. Copyright! Alle Rechte vorbehalten. Die auf der Website verwendeten Texte, Bilder, Grafiken, Dateien usw. unterliegen [&hellip;]","og_url":"https:\/\/djkuls.de\/tr\/copyright\/","og_site_name":"Djkuls","article_publisher":"https:\/\/www.facebook.com\/djkuls\/?locale=de_DE","article_modified_time":"2021-11-27T15:59:20+00:00","og_image":[{"width":512,"height":512,"url":"https:\/\/djkuls.de\/wp-content\/uploads\/2021\/11\/Kuls_Logo_512x512BL.png","type":"image\/png"}],"twitter_card":"summary_large_image","twitter_misc":{"Tahmini okuma s\u00fcresi":"1 dakika"},"schema":{"@context":"https:\/\/schema.org","@graph":[{"@type":"WebPage","@id":"https:\/\/djkuls.de\/copyright","url":"https:\/\/djkuls.de\/copyright","name":"Copyright - Djkuls","isPartOf":{"@id":"https:\/\/djkuls.de\/#website"},"datePublished":"2021-11-27T15:57:42+00:00","dateModified":"2021-11-27T15:59:20+00:00","breadcrumb":{"@id":"https:\/\/djkuls.de\/copyright#breadcrumb"},"inLanguage":"tr","potentialAction":[{"@type":"ReadAction","target":["https:\/\/djkuls.de\/copyright"]}]},{"@type":"BreadcrumbList","@id":"https:\/\/djkuls.de\/copyright#breadcrumb","itemListElement":[{"@type":"ListItem","position":1,"name":"Startseite","item":"https:\/\/djkuls.de\/"},{"@type":"ListItem","position":2,"name":"Copyright"}]},{"@type":"WebSite","@id":"https:\/\/djkuls.de\/#website","url":"https:\/\/djkuls.de\/","name":"Djkuls Hochzeit und Event - Veranstaltungen","description":"","publisher":{"@id":"https:\/\/djkuls.de\/#organization"},"alternateName":"Djkuls D\u00fcg\u00fcn ve Kina organizasyonu","potentialAction":[{"@type":"SearchAction","target":{"@type":"EntryPoint","urlTemplate":"https:\/\/djkuls.de\/?s={search_term_string}"},"query-input":{"@type":"PropertyValueSpecification","valueRequired":true,"valueName":"search_term_string"}}],"inLanguage":"tr"},{"@type":"Organization","@id":"https:\/\/djkuls.de\/#organization","name":"Djkuls Events und Veranstaltungen","alternateName":"Djkuls d\u00fcg\u00fcn ve Kina organizasyon","url":"https:\/\/djkuls.de\/","logo":{"@type":"ImageObject","inLanguage":"tr","@id":"https:\/\/djkuls.de\/#\/schema\/logo\/image\/","url":"https:\/\/djkuls.de\/wp-content\/uploads\/2021\/11\/cropped-Kuls_Logo_512x512BL.png","contentUrl":"https:\/\/djkuls.de\/wp-content\/uploads\/2021\/11\/cropped-Kuls_Logo_512x512BL.png","width":512,"height":512,"caption":"Djkuls Events und Veranstaltungen"},"image":{"@id":"https:\/\/djkuls.de\/#\/schema\/logo\/image\/"},"sameAs":["https:\/\/www.facebook.com\/djkuls\/?locale=de_DE","https:\/\/www.youtube.com\/channel\/UCbl3rmZKeZmXOHxOoCPL1Kw\/videos"]}]}},"featured_image_src_square":null,"uagb_featured_image_src":{"full":false,"thumbnail":false,"medium":false,"medium_large":false,"large":false,"1536x1536":false,"2048x2048":false,"trp-custom-language-flag":false,"gb-block-post-grid-landscape":false,"gb-block-post-grid-square":false},"uagb_author_info":{"display_name":"EsrefYil21","author_link":"https:\/\/djkuls.de\/tr\/author\/esrefyil21"},"uagb_comment_info":0,"uagb_excerpt":"Disclaimer! Die Firma Kuls-Media Center \u00fcbernimmt keine Verantwortung f\u00fcr Inhalte auf fremde Server, auch wenn auf diese per Link vom www.djkuls.de aus verwiesen wird. Kuls Media distanziert sich ausdr\u00fccklich von allen Inhalten, die gegen geltendes Recht oder ethische Grunds\u00e4tze versto\u00dfen. Copyright! Alle Rechte vorbehalten. Die auf der Website verwendeten Texte, Bilder, Grafiken, Dateien usw. unterliegen&hellip;","_links":{"self":[{"href":"https:\/\/djkuls.de\/tr\/wp-json\/wp\/v2\/pages\/345","targetHints":{"allow":["GET"]}}],"collection":[{"href":"https:\/\/djkuls.de\/tr\/wp-json\/wp\/v2\/pages"}],"about":[{"href":"https:\/\/djkuls.de\/tr\/wp-json\/wp\/v2\/types\/page"}],"author":[{"embeddable":true,"href":"https:\/\/djkuls.de\/tr\/wp-json\/wp\/v2\/users\/1"}],"replies":[{"embeddable":true,"href":"https:\/\/djkuls.de\/tr\/wp-json\/wp\/v2\/comments?post=345"}],"version-history":[{"count":2,"href":"https:\/\/djkuls.de\/tr\/wp-json\/wp\/v2\/pages\/345\/revisions"}],"predecessor-version":[{"id":347,"href":"https:\/\/djkuls.de\/tr\/wp-json\/wp\/v2\/pages\/345\/revisions\/347"}],"wp:attachment":[{"href":"https:\/\/djkuls.de\/tr\/wp-json\/wp\/v2\/media?parent=345"}],"curies":[{"name":"wp","href":"https:\/\/api.w.org\/{rel}","templated":true}]}}