{"id":24,"date":"2021-11-16T15:20:24","date_gmt":"2021-11-16T15:20:24","guid":{"rendered":"https:\/\/djkuls.de\/?page_id=24"},"modified":"2024-06-24T09:37:21","modified_gmt":"2024-06-24T09:37:21","slug":"kontakt","status":"publish","type":"page","link":"https:\/\/djkuls.de\/tr\/kontakt","title":{"rendered":"\u0130leti\u015fim"},"content":{"rendered":"<p><\/p>\n\n\n\n<div class=\"wp-block-getwid-section alignfull alignfull getwid-section-content-custom-width\"><div class=\"wp-block-getwid-section__wrapper getwid-padding-top-large getwid-padding-bottom-large getwid-padding-left-medium getwid-padding-right-medium\"><div class=\"wp-block-getwid-section__inner-wrapper\" style=\"max-width:1140px\"><div class=\"wp-block-getwid-section__background-holder\"><div class=\"wp-block-getwid-section__background\" style=\"background-image:url('https:\/\/djkuls.de\/wp-content\/uploads\/2021\/11\/DJ_Ali-Kul_1.png')\"><div class=\"wp-block-getwid-section__background-image-wrapper\"><img decoding=\"async\" class=\"wp-block-getwid-section__background-image\" src=\"https:\/\/djkuls.de\/wp-content\/uploads\/2021\/11\/DJ_Ali-Kul_1.png\" alt=\"\"\/><\/div><\/div><div class=\"wp-block-getwid-section__foreground\" style=\"opacity:0.7;background-color:#000000\"><\/div><\/div><div class=\"wp-block-getwid-section__content\"><div class=\"wp-block-getwid-section__inner-content\">\n<div class=\"wp-block-getwid-advanced-heading\" style=\"margin-bottom:30px;margin-top:10px\"><h2 class=\"wp-block-getwid-advanced-heading__content has-text-color\" style=\"text-align:center;color:#ffffff\">Bizimde ileti\u015fimde kal<\/h2><\/div>\n\n\n\n<p class=\"has-text-align-center has-text-color\" style=\"color:#ffffff;font-size:17px\">Bize e-posta, ileti\u015fim formunu kullanarak veya sosyal medya arac\u0131l\u0131\u011f\u0131yla yaz\u0131n. Al\u0131nan sorulara veya mesajlara genellikle 24 saat i\u00e7inde cevap verece\u011fiz!<\/p>\n\n\n\n<div class=\"wp-block-getwid-advanced-spacer\" style=\"height:40px\" aria-hidden=\"true\"><\/div>\n\n\n\n<div class=\"wp-block-columns has-2-columns are-vertically-aligned-center is-layout-flex wp-container-core-columns-is-layout-9d6595d7 wp-block-columns-is-layout-flex\">\n<div class=\"wp-block-column is-vertically-aligned-center is-layout-flow wp-block-column-is-layout-flow\">\n<div class=\"wp-block-getwid-advanced-heading\" style=\"margin-bottom:10px;margin-top:40px\"><h3 class=\"wp-block-getwid-advanced-heading__content has-text-color\" style=\"color:#ffffff\">Sosyal medya<\/h3><\/div>\n\n\n\n<ul class=\"wp-block-social-links has-large-icon-size is-style-logos-only is-layout-flex wp-block-social-links-is-layout-flex\"><li class=\"wp-social-link wp-social-link-facebook  wp-block-social-link\"><a href=\"https:\/\/www.facebook.com\/djkuls\" class=\"wp-block-social-link-anchor\"><svg width=\"24\" height=\"24\" viewbox=\"0 0 24 24\" version=\"1.1\" xmlns=\"http:\/\/www.w3.org\/2000\/svg\" aria-hidden=\"true\" focusable=\"false\"><path d=\"M12 2C6.5 2 2 6.5 2 12c0 5 3.7 9.1 8.4 9.9v-7H7.9V12h2.5V9.8c0-2.5 1.5-3.9 3.8-3.9 1.1 0 2.2.2 2.2.2v2.5h-1.3c-1.2 0-1.6.8-1.6 1.6V12h2.8l-.4 2.9h-2.3v7C18.3 21.1 22 17 22 12c0-5.5-4.5-10-10-10z\"><\/path><\/svg><span class=\"wp-block-social-link-label screen-reader-text\">Facebook<\/span><\/a><\/li>\n\n<li class=\"wp-social-link wp-social-link-twitter  wp-block-social-link\"><a href=\"#\" class=\"wp-block-social-link-anchor\"><svg width=\"24\" height=\"24\" viewbox=\"0 0 24 24\" version=\"1.1\" xmlns=\"http:\/\/www.w3.org\/2000\/svg\" aria-hidden=\"true\" focusable=\"false\"><path d=\"M22.23,5.924c-0.736,0.326-1.527,0.547-2.357,0.646c0.847-0.508,1.498-1.312,1.804-2.27 c-0.793,0.47-1.671,0.812-2.606,0.996C18.324,4.498,17.257,4,16.077,4c-2.266,0-4.103,1.837-4.103,4.103 c0,0.322,0.036,0.635,0.106,0.935C8.67,8.867,5.647,7.234,3.623,4.751C3.27,5.357,3.067,6.062,3.067,6.814 c0,1.424,0.724,2.679,1.825,3.415c-0.673-0.021-1.305-0.206-1.859-0.513c0,0.017,0,0.034,0,0.052c0,1.988,1.414,3.647,3.292,4.023 c-0.344,0.094-0.707,0.144-1.081,0.144c-0.264,0-0.521-0.026-0.772-0.074c0.522,1.63,2.038,2.816,3.833,2.85 c-1.404,1.1-3.174,1.756-5.096,1.756c-0.331,0-0.658-0.019-0.979-0.057c1.816,1.164,3.973,1.843,6.29,1.843 c7.547,0,11.675-6.252,11.675-11.675c0-0.178-0.004-0.355-0.012-0.531C20.985,7.47,21.68,6.747,22.23,5.924z\"><\/path><\/svg><span class=\"wp-block-social-link-label screen-reader-text\">Twitter<\/span><\/a><\/li>\n\n<li class=\"wp-social-link wp-social-link-instagram  wp-block-social-link\"><a href=\"#\" class=\"wp-block-social-link-anchor\"><svg width=\"24\" height=\"24\" viewbox=\"0 0 24 24\" version=\"1.1\" xmlns=\"http:\/\/www.w3.org\/2000\/svg\" aria-hidden=\"true\" focusable=\"false\"><path d=\"M12,4.622c2.403,0,2.688,0.009,3.637,0.052c0.877,0.04,1.354,0.187,1.671,0.31c0.42,0.163,0.72,0.358,1.035,0.673 c0.315,0.315,0.51,0.615,0.673,1.035c0.123,0.317,0.27,0.794,0.31,1.671c0.043,0.949,0.052,1.234,0.052,3.637 s-0.009,2.688-0.052,3.637c-0.04,0.877-0.187,1.354-0.31,1.671c-0.163,0.42-0.358,0.72-0.673,1.035 c-0.315,0.315-0.615,0.51-1.035,0.673c-0.317,0.123-0.794,0.27-1.671,0.31c-0.949,0.043-1.233,0.052-3.637,0.052 s-2.688-0.009-3.637-0.052c-0.877-0.04-1.354-0.187-1.671-0.31c-0.42-0.163-0.72-0.358-1.035-0.673 c-0.315-0.315-0.51-0.615-0.673-1.035c-0.123-0.317-0.27-0.794-0.31-1.671C4.631,14.688,4.622,14.403,4.622,12 s0.009-2.688,0.052-3.637c0.04-0.877,0.187-1.354,0.31-1.671c0.163-0.42,0.358-0.72,0.673-1.035 c0.315-0.315,0.615-0.51,1.035-0.673c0.317-0.123,0.794-0.27,1.671-0.31C9.312,4.631,9.597,4.622,12,4.622 M12,3 C9.556,3,9.249,3.01,8.289,3.054C7.331,3.098,6.677,3.25,6.105,3.472C5.513,3.702,5.011,4.01,4.511,4.511 c-0.5,0.5-0.808,1.002-1.038,1.594C3.25,6.677,3.098,7.331,3.054,8.289C3.01,9.249,3,9.556,3,12c0,2.444,0.01,2.751,0.054,3.711 c0.044,0.958,0.196,1.612,0.418,2.185c0.23,0.592,0.538,1.094,1.038,1.594c0.5,0.5,1.002,0.808,1.594,1.038 c0.572,0.222,1.227,0.375,2.185,0.418C9.249,20.99,9.556,21,12,21s2.751-0.01,3.711-0.054c0.958-0.044,1.612-0.196,2.185-0.418 c0.592-0.23,1.094-0.538,1.594-1.038c0.5-0.5,0.808-1.002,1.038-1.594c0.222-0.572,0.375-1.227,0.418-2.185 C20.99,14.751,21,14.444,21,12s-0.01-2.751-0.054-3.711c-0.044-0.958-0.196-1.612-0.418-2.185c-0.23-0.592-0.538-1.094-1.038-1.594 c-0.5-0.5-1.002-0.808-1.594-1.038c-0.572-0.222-1.227-0.375-2.185-0.418C14.751,3.01,14.444,3,12,3L12,3z M12,7.378 c-2.552,0-4.622,2.069-4.622,4.622S9.448,16.622,12,16.622s4.622-2.069,4.622-4.622S14.552,7.378,12,7.378z M12,15 c-1.657,0-3-1.343-3-3s1.343-3,3-3s3,1.343,3,3S13.657,15,12,15z M16.804,6.116c-0.596,0-1.08,0.484-1.08,1.08 s0.484,1.08,1.08,1.08c0.596,0,1.08-0.484,1.08-1.08S17.401,6.116,16.804,6.116z\"><\/path><\/svg><span class=\"wp-block-social-link-label screen-reader-text\">Instagram<\/span><\/a><\/li>\n\n<li class=\"wp-social-link wp-social-link-youtube  wp-block-social-link\"><a href=\"https:\/\/www.youtube.com\/playlist?list=UUCrsvl0aI87nSsEwADxpUfQ\" class=\"wp-block-social-link-anchor\"><svg width=\"24\" height=\"24\" viewbox=\"0 0 24 24\" version=\"1.1\" xmlns=\"http:\/\/www.w3.org\/2000\/svg\" aria-hidden=\"true\" focusable=\"false\"><path d=\"M21.8,8.001c0,0-0.195-1.378-0.795-1.985c-0.76-0.797-1.613-0.801-2.004-0.847c-2.799-0.202-6.997-0.202-6.997-0.202 h-0.009c0,0-4.198,0-6.997,0.202C4.608,5.216,3.756,5.22,2.995,6.016C2.395,6.623,2.2,8.001,2.2,8.001S2,9.62,2,11.238v1.517 c0,1.618,0.2,3.237,0.2,3.237s0.195,1.378,0.795,1.985c0.761,0.797,1.76,0.771,2.205,0.855c1.6,0.153,6.8,0.201,6.8,0.201 s4.203-0.006,7.001-0.209c0.391-0.047,1.243-0.051,2.004-0.847c0.6-0.607,0.795-1.985,0.795-1.985s0.2-1.618,0.2-3.237v-1.517 C22,9.62,21.8,8.001,21.8,8.001z M9.935,14.594l-0.001-5.62l5.404,2.82L9.935,14.594z\"><\/path><\/svg><span class=\"wp-block-social-link-label screen-reader-text\">YouTube<\/span><\/a><\/li><\/ul>\n\n\n\n<div class=\"wp-block-contact-form-7-contact-form-selector\">\n<div class=\"wpcf7 no-js\" id=\"wpcf7-f6-o1\" lang=\"de-DE\" dir=\"ltr\" data-wpcf7-id=\"6\">\n<div class=\"screen-reader-response\"><p role=\"status\" aria-live=\"polite\" aria-atomic=\"true\"><\/p> <ul><\/ul><\/div>\n<form action=\"\/tr\/wp-json\/wp\/v2\/pages\/24#wpcf7-f6-o1\" method=\"post\" class=\"wpcf7-form init\" aria-label=\"\u0130leti\u015fim Formu\" novalidate=\"novalidate\" data-status=\"init\" data-trp-original-action=\"\/tr\/wp-json\/wp\/v2\/pages\/24#wpcf7-f6-o1\">\n<fieldset class=\"hidden-fields-container\"><input type=\"hidden\" name=\"_wpcf7\" value=\"6\" \/><input type=\"hidden\" name=\"_wpcf7_version\" value=\"6.1.4\" \/><input type=\"hidden\" name=\"_wpcf7_locale\" value=\"de_DE\" \/><input type=\"hidden\" name=\"_wpcf7_unit_tag\" value=\"wpcf7-f6-o1\" \/><input type=\"hidden\" name=\"_wpcf7_container_post\" value=\"0\" \/><input type=\"hidden\" name=\"_wpcf7_posted_data_hash\" value=\"\" \/>\n<\/fieldset>\n<fieldset>\n\t<legend>\u0130leti\u015fim Formu<\/legend>\n\n    <span class=\"wpcf7-form-control-wrap\" data-name=\"your-name\"><input size=\"40\" maxlength=\"400\" class=\"wpcf7-form-control wpcf7-text wpcf7-validates-as-required\" id=\"your-name\" aria-required=\"true\" aria-invalid=\"false\" placeholder=\"Ad, Soyad*\" value=\"\" type=\"text\" name=\"your-name\" \/><\/span>\n&nbsp;\n    <span class=\"wpcf7-form-control-wrap\" data-name=\"your-email\"><input size=\"40\" maxlength=\"400\" class=\"wpcf7-form-control wpcf7-email wpcf7-validates-as-required wpcf7-text wpcf7-validates-as-email\" id=\"your-email\" aria-required=\"true\" aria-invalid=\"false\" placeholder=\"E-posta adresi*\" value=\"\" type=\"email\" name=\"your-email\" \/><\/span>\n&nbsp;\n<span class=\"wpcf7-form-control-wrap\" data-name=\"menu-128\"><select class=\"wpcf7-form-control wpcf7-select\" id=\"menu-128\" aria-invalid=\"false\" name=\"menu-128\"><option value=\"Auswahl\">Se\u00e7im<\/option><option value=\"Allgemeine Frage\">Genel Soru<\/option><option value=\"Hochzeit\">D\u00fc\u011f\u00fcn<\/option><option value=\"Beschneidung\">S\u00fcnet<\/option><option value=\"Firmenfeier\">\u015eirket partisi<\/option><option value=\"Cocktail Bar\">Cocktail Bar<\/option><option value=\"Choco D\u00f6ner &amp; Bubble Waffle\">Choco D\u00f6ner &amp; Bubble Waffle<\/option><\/select><\/span>\n&nbsp;\n    <span class=\"wpcf7-form-control-wrap\" data-name=\"your-subject\"><input size=\"40\" maxlength=\"400\" class=\"wpcf7-form-control wpcf7-text\" id=\"your-subject\" aria-invalid=\"false\" placeholder=\"Konunuz\" value=\"\" type=\"text\" name=\"your-subject\" \/><\/span>\n&nbsp;\n    <span class=\"wpcf7-form-control-wrap\" data-name=\"your-message\"><textarea cols=\"40\" rows=\"10\" maxlength=\"2000\" class=\"wpcf7-form-control wpcf7-textarea\" id=\"your-message\" aria-invalid=\"false\" placeholder=\"Mesaj\u0131n\u0131z\" name=\"your-message\"><\/textarea><\/span>\n\n\n&nbsp;    \n<span class=\"wpcf7-form-control-wrap\" data-name=\"acceptance-764\"><span class=\"wpcf7-form-control wpcf7-acceptance\"><span class=\"wpcf7-list-item\"><input type=\"checkbox\" name=\"acceptance-764\" value=\"1\" id=\"acceptance-764\" aria-invalid=\"false\" \/><\/span><\/span><\/span> Gizlilik politikas\u0131* Talebinizin i\u015flenmesi i\u00e7in verilerinizin kullan\u0131laca\u011f\u0131n\u0131 kabul edersiniz.  Daha fazla bilgi ve iptal talimatlar\u0131n\u0131 \u015furada bulabilirsiniz: <b><a href=\"https:\/\/djkuls.de\/tr\/datenschutzerklaerung\/\">Gizlilik politikas\u0131<\/a><\/b>.\n&nbsp;\n<input class=\"wpcf7-form-control wpcf7-submit has-spinner\" type=\"submit\" value=\"G\u00f6nder\" \/><div class=\"wpcf7-response-output\" aria-hidden=\"true\"><\/div>\n<input type=\"hidden\" name=\"trp-form-language\" value=\"tr\"\/><\/form>\n<\/div>\n<\/div>\n<\/div>\n\n\n\n<div class=\"wp-block-column is-vertically-aligned-center is-layout-flow wp-block-column-is-layout-flow\"><\/div>\n<\/div>\n<\/div><\/div><\/div><\/div><\/div>\n\n\n\n<p> Payla\u015f:<\/p>\n\n\n<div class='maxsocial maxsocial-1 horizontal' data-collection='1'> \t\t\t\t\t   <span class='mb-item item-0'> \t\t\t\t\t\t\t\t<a href='https:\/\/www.facebook.com\/sharer.php?u=https:\/\/djkuls.de\/tr\/kontakt' class='mb-social' data-popup=\"{&quot;width&quot;:550,&quot;height&quot;:320}\" rel=\"noopener nofollow\"> \t\t\t\t\t\t<span class='mb-icon-wrapper'> \t\t\t\t\t\t\t\t\t\t\t <span class='mb-icon'><svg class=\"svg-mbp-fa\" width=\"20\" height=\"20\" aria-hidden=\"true\" role=\"img\" xmlns=\"http:\/\/www.w3.org\/2000\/svg\" viewbox=\"0 0 320 512\"><path fill=\"currentColor\" d=\"M279.14 288l14.22-92.66h-88.91v-60.13c0-25.35 12.42-50.06 52.24-50.06h40.42V6.26S260.43 0 225.36 0c-73.22 0-121.08 44.38-121.08 124.72v70.62H22.89V288h81.39v224h100.17V288z\"><\/path><\/svg><\/span> <\/span><span class=\"mb-label\">Payla\u015f<\/span><\/a><\/span><span class='mb-item item-1'> \t\t\t\t\t\t\t\t<a href='https:\/\/twitter.com\/intent\/tweet\/?url=https%3A%2F%2Fdjkuls.de%2Ftr%2Fkontakt&text=Kontakt' class='mb-social' data-popup=\"{&quot;width&quot;:550,&quot;height&quot;:320}\" rel=\"noopener nofollow\"> \t\t\t\t\t\t<span class='mb-icon-wrapper'> \t\t\t\t\t\t\t\t\t\t\t <span class='mb-icon'><svg class=\"svg-mbp-fa\" width=\"20\" height=\"20\" aria-hidden=\"true\" role=\"img\" xmlns=\"http:\/\/www.w3.org\/2000\/svg\" viewbox=\"0 0 512 512\"><path fill=\"currentColor\" d=\"M459.37 151.716c.325 4.548.325 9.097.325 13.645 0 138.72-105.583 298.558-298.558 298.558-59.452 0-114.68-17.219-161.137-47.106 8.447.974 16.568 1.299 25.34 1.299 49.055 0 94.213-16.568 130.274-44.832-46.132-.975-84.792-31.188-98.112-72.772 6.498.974 12.995 1.624 19.818 1.624 9.421 0 18.843-1.3 27.614-3.573-48.081-9.747-84.143-51.98-84.143-102.985v-1.299c13.969 7.797 30.214 12.67 47.431 13.319-28.264-18.843-46.781-51.005-46.781-87.391 0-19.492 5.197-37.36 14.294-52.954 51.655 63.675 129.3 105.258 216.365 109.807-1.624-7.797-2.599-15.918-2.599-24.04 0-57.828 46.782-104.934 104.934-104.934 30.213 0 57.502 12.67 76.67 33.137 23.715-4.548 46.456-13.32 66.599-25.34-7.798 24.366-24.366 44.833-46.132 57.827 21.117-2.273 41.584-8.122 60.426-16.243-14.292 20.791-32.161 39.308-52.628 54.253z\"><\/path><\/svg><\/span> <\/span><span class=\"mb-label\">Tweet<\/span><\/a><\/span><span class='mb-item item-2'> \t\t\t\t\t\t\t\t<a href='https:\/\/www.linkedin.com\/shareArticle?mini=true&url=https:\/\/djkuls.de\/tr\/kontakt' class='mb-social' data-popup=\"{&quot;width&quot;:700,&quot;height&quot;:500}\" rel=\"noopener nofollow\"> \t\t\t\t\t\t<span class='mb-icon-wrapper'> \t\t\t\t\t\t\t\t\t\t\t <span class='mb-icon'><svg class=\"svg-mbp-fa\" width=\"20\" height=\"20\" aria-hidden=\"true\" role=\"img\" xmlns=\"http:\/\/www.w3.org\/2000\/svg\" viewbox=\"0 0 448 512\"><path fill=\"currentColor\" d=\"M100.28 448H7.4V148.9h92.88zM53.79 108.1C24.09 108.1 0 83.5 0 53.8a53.79 53.79 0 0 1 107.58 0c0 29.7-24.1 54.3-53.79 54.3zM447.9 448h-92.68V302.4c0-34.7-.7-79.2-48.29-79.2-48.29 0-55.69 37.7-55.69 76.7V448h-92.78V148.9h89.08v40.8h1.3c12.4-23.5 42.69-48.3 87.88-48.3 94 0 111.28 61.9 111.28 142.3V448z\"><\/path><\/svg><\/span> <\/span><span class=\"mb-label\">Payla\u015f<\/span><\/a><\/span><span class='mb-item item-3'> \t\t\t\t\t\t\t\t<a href='https:\/\/instagram.com\/' class='mb-social' data-popup=\"{&quot;width&quot;:400,&quot;height&quot;:300}\" rel=\"noopener nofollow\"> \t\t\t\t\t\t<span class='mb-icon-wrapper'> \t\t\t\t\t\t\t\t\t\t\t <span class='mb-icon'><svg class=\"svg-mbp-fa\" width=\"20\" height=\"20\" aria-hidden=\"true\" role=\"img\" xmlns=\"http:\/\/www.w3.org\/2000\/svg\" viewbox=\"0 0 448 512\"><path fill=\"currentColor\" d=\"M224.1 141c-63.6 0-114.9 51.3-114.9 114.9s51.3 114.9 114.9 114.9S339 319.5 339 255.9 287.7 141 224.1 141zm0 189.6c-41.1 0-74.7-33.5-74.7-74.7s33.5-74.7 74.7-74.7 74.7 33.5 74.7 74.7-33.6 74.7-74.7 74.7zm146.4-194.3c0 14.9-12 26.8-26.8 26.8-14.9 0-26.8-12-26.8-26.8s12-26.8 26.8-26.8 26.8 12 26.8 26.8zm76.1 27.2c-1.7-35.9-9.9-67.7-36.2-93.9-26.2-26.2-58-34.4-93.9-36.2-37-2.1-147.9-2.1-184.9 0-35.8 1.7-67.6 9.9-93.9 36.1s-34.4 58-36.2 93.9c-2.1 37-2.1 147.9 0 184.9 1.7 35.9 9.9 67.7 36.2 93.9s58 34.4 93.9 36.2c37 2.1 147.9 2.1 184.9 0 35.9-1.7 67.7-9.9 93.9-36.2 26.2-26.2 34.4-58 36.2-93.9 2.1-37 2.1-147.8 0-184.8zM398.8 388c-7.8 19.6-22.9 34.7-42.6 42.6-29.5 11.7-99.5 9-132.1 9s-102.7 2.6-132.1-9c-19.6-7.8-34.7-22.9-42.6-42.6-11.7-29.5-9-99.5-9-132.1s-2.6-102.7 9-132.1c7.8-19.6 22.9-34.7 42.6-42.6 29.5-11.7 99.5-9 132.1-9s102.7-2.6 132.1 9c19.6 7.8 34.7 22.9 42.6 42.6 11.7 29.5 9 99.5 9 132.1s2.7 102.7-9 132.1z\"><\/path><\/svg><\/span> <\/span><span class=\"mb-label\">Takip<\/span><\/a><\/span><span class='mb-item item-4'> \t\t\t\t\t\t\t\t<a href='mailto:?subject=Kontakt&body=https:\/\/djkuls.de\/tr\/kontakt' class='mb-social' rel=\"noopener nofollow\"> \t\t\t\t\t\t<span class='mb-icon-wrapper'> \t\t\t\t\t\t\t\t\t\t\t <span class='mb-icon'><svg class=\"svg-mbp-fa\" width=\"20\" height=\"20\" aria-hidden=\"true\" role=\"img\" xmlns=\"http:\/\/www.w3.org\/2000\/svg\" viewbox=\"0 0 512 512\"><path fill=\"currentColor\" d=\"M502.3 190.8c3.9-3.1 9.7-.2 9.7 4.7V400c0 26.5-21.5 48-48 48H48c-26.5 0-48-21.5-48-48V195.6c0-5 5.7-7.8 9.7-4.7 22.4 17.4 52.1 39.5 154.1 113.6 21.1 15.4 56.7 47.8 92.2 47.6 35.7.3 72-32.8 92.3-47.6 102-74.1 131.6-96.3 154-113.7zM256 320c23.2.4 56.6-29.2 73.4-41.4 132.7-96.3 142.8-104.7 173.4-128.7 5.8-4.5 9.2-11.5 9.2-18.9v-19c0-26.5-21.5-48-48-48H48C21.5 64 0 85.5 0 112v19c0 7.4 3.4 14.3 9.2 18.9 30.6 23.9 40.7 32.4 173.4 128.7 16.8 12.2 50.2 41.8 73.4 41.4z\"><\/path><\/svg><\/span> <\/span><span class=\"mb-label\">E-Posta<\/span><\/a><\/span><\/div>","protected":false},"excerpt":{"rendered":"<p>Payla\u015f:<\/p>","protected":false},"author":1,"featured_media":0,"parent":0,"menu_order":0,"comment_status":"closed","ping_status":"closed","template":"template-page-builder.php","meta":{"_coblocks_attr":"","_coblocks_dimensions":"","_coblocks_responsive_height":"","_coblocks_accordion_ie_support":"","_uag_custom_page_level_css":"","_themeisle_gutenberg_block_has_review":false,"footnotes":""},"class_list":["post-24","page","type-page","status-publish","hentry"],"featured_image_src":null,"featured_image_urls":{"full":"","thumbnail":"","medium":"","medium_large":"","large":"","1536x1536":"","2048x2048":"","trp-custom-language-flag":"","gb-block-post-grid-landscape":"","gb-block-post-grid-square":""},"post_excerpt_stackable":"<p>Bleib in Kontakt Schreibe uns per E-Mail &#8211; mit dem Kontaktformular oder \u00fcber die Sozialen &#8211; Medien. Wir beantworten in der Regel empfangene Anfragen oder Nachrichten innerhalb von 24 Stunden! Sozialen Medien Facebook Twitter Instagram YouTube Kontaktformular &nbsp; &nbsp; AuswahlAllgemeine FrageHochzeitBeschneidungFirmenfeierCocktail BarChoco D\u00f6ner &amp; Bubble Waffle &nbsp; &nbsp; &nbsp; Datenschutz* Sie erkl\u00e4ren sich damit einverstanden, dass Ihre Daten zur Bearbeitung der Anfrage verwendet werden. Weitere Informationen und Widerrufshinweise findest Sie in der Datenschutzerkl\u00e4rung. &nbsp; Teilen mit: Share Tweet Share Follow Email<\/p>\n","category_list":"","author_info":{"name":"EsrefYil21","url":"https:\/\/djkuls.de\/tr\/author\/esrefyil21"},"comments_num":"0 comments","yoast_head":"<!-- This site is optimized with the Yoast SEO plugin v26.8 - https:\/\/yoast.com\/product\/yoast-seo-wordpress\/ -->\n<title>Kontakt - Djkuls<\/title>\n<meta name=\"robots\" content=\"index, follow, max-snippet:-1, max-image-preview:large, max-video-preview:-1\" \/>\n<link rel=\"canonical\" href=\"https:\/\/djkuls.de\/tr\/kontakt\/\" \/>\n<meta property=\"og:locale\" content=\"tr_TR\" \/>\n<meta property=\"og:type\" content=\"article\" \/>\n<meta property=\"og:title\" content=\"Kontakt - Djkuls\" \/>\n<meta property=\"og:description\" content=\"Teilen mit:\" \/>\n<meta property=\"og:url\" content=\"https:\/\/djkuls.de\/tr\/kontakt\/\" \/>\n<meta property=\"og:site_name\" content=\"Djkuls\" \/>\n<meta property=\"article:publisher\" content=\"https:\/\/www.facebook.com\/djkuls\/?locale=de_DE\" \/>\n<meta property=\"article:modified_time\" content=\"2024-06-24T09:37:21+00:00\" \/>\n<meta property=\"og:image\" content=\"https:\/\/djkuls.de\/wp-content\/uploads\/2021\/11\/DJ_Ali-Kul_1.png\" \/>\n<meta name=\"twitter:card\" content=\"summary_large_image\" \/>\n<meta name=\"twitter:label1\" content=\"Tahmini okuma s\u00fcresi\" \/>\n\t<meta name=\"twitter:data1\" content=\"1 dakika\" \/>\n<script type=\"application\/ld+json\" class=\"yoast-schema-graph\">{\"@context\":\"https:\/\/schema.org\",\"@graph\":[{\"@type\":\"WebPage\",\"@id\":\"https:\/\/djkuls.de\/kontakt\",\"url\":\"https:\/\/djkuls.de\/kontakt\",\"name\":\"Kontakt - Djkuls\",\"isPartOf\":{\"@id\":\"https:\/\/djkuls.de\/#website\"},\"primaryImageOfPage\":{\"@id\":\"https:\/\/djkuls.de\/kontakt#primaryimage\"},\"image\":{\"@id\":\"https:\/\/djkuls.de\/kontakt#primaryimage\"},\"thumbnailUrl\":\"https:\/\/djkuls.de\/wp-content\/uploads\/2021\/11\/DJ_Ali-Kul_1.png\",\"datePublished\":\"2021-11-16T15:20:24+00:00\",\"dateModified\":\"2024-06-24T09:37:21+00:00\",\"breadcrumb\":{\"@id\":\"https:\/\/djkuls.de\/kontakt#breadcrumb\"},\"inLanguage\":\"tr\",\"potentialAction\":[{\"@type\":\"ReadAction\",\"target\":[\"https:\/\/djkuls.de\/kontakt\"]}]},{\"@type\":\"ImageObject\",\"inLanguage\":\"tr\",\"@id\":\"https:\/\/djkuls.de\/kontakt#primaryimage\",\"url\":\"https:\/\/djkuls.de\/wp-content\/uploads\/2021\/11\/DJ_Ali-Kul_1.png\",\"contentUrl\":\"https:\/\/djkuls.de\/wp-content\/uploads\/2021\/11\/DJ_Ali-Kul_1.png\"},{\"@type\":\"BreadcrumbList\",\"@id\":\"https:\/\/djkuls.de\/kontakt#breadcrumb\",\"itemListElement\":[{\"@type\":\"ListItem\",\"position\":1,\"name\":\"Startseite\",\"item\":\"https:\/\/djkuls.de\/\"},{\"@type\":\"ListItem\",\"position\":2,\"name\":\"Kontakt\"}]},{\"@type\":\"WebSite\",\"@id\":\"https:\/\/djkuls.de\/#website\",\"url\":\"https:\/\/djkuls.de\/\",\"name\":\"Djkuls Hochzeit und Event - Veranstaltungen\",\"description\":\"\",\"publisher\":{\"@id\":\"https:\/\/djkuls.de\/#organization\"},\"alternateName\":\"Djkuls D\u00fcg\u00fcn ve Kina organizasyonu\",\"potentialAction\":[{\"@type\":\"SearchAction\",\"target\":{\"@type\":\"EntryPoint\",\"urlTemplate\":\"https:\/\/djkuls.de\/?s={search_term_string}\"},\"query-input\":{\"@type\":\"PropertyValueSpecification\",\"valueRequired\":true,\"valueName\":\"search_term_string\"}}],\"inLanguage\":\"tr\"},{\"@type\":\"Organization\",\"@id\":\"https:\/\/djkuls.de\/#organization\",\"name\":\"Djkuls Events und Veranstaltungen\",\"alternateName\":\"Djkuls d\u00fcg\u00fcn ve Kina organizasyon\",\"url\":\"https:\/\/djkuls.de\/\",\"logo\":{\"@type\":\"ImageObject\",\"inLanguage\":\"tr\",\"@id\":\"https:\/\/djkuls.de\/#\/schema\/logo\/image\/\",\"url\":\"https:\/\/djkuls.de\/wp-content\/uploads\/2021\/11\/cropped-Kuls_Logo_512x512BL.png\",\"contentUrl\":\"https:\/\/djkuls.de\/wp-content\/uploads\/2021\/11\/cropped-Kuls_Logo_512x512BL.png\",\"width\":512,\"height\":512,\"caption\":\"Djkuls Events und Veranstaltungen\"},\"image\":{\"@id\":\"https:\/\/djkuls.de\/#\/schema\/logo\/image\/\"},\"sameAs\":[\"https:\/\/www.facebook.com\/djkuls\/?locale=de_DE\",\"https:\/\/www.youtube.com\/channel\/UCbl3rmZKeZmXOHxOoCPL1Kw\/videos\"]}]}<\/script>\n<!-- \/ Yoast SEO plugin. -->","yoast_head_json":{"title":"Kontakt - Djkuls","robots":{"index":"index","follow":"follow","max-snippet":"max-snippet:-1","max-image-preview":"max-image-preview:large","max-video-preview":"max-video-preview:-1"},"canonical":"https:\/\/djkuls.de\/tr\/kontakt\/","og_locale":"tr_TR","og_type":"article","og_title":"Kontakt - Djkuls","og_description":"Teilen mit:","og_url":"https:\/\/djkuls.de\/tr\/kontakt\/","og_site_name":"Djkuls","article_publisher":"https:\/\/www.facebook.com\/djkuls\/?locale=de_DE","article_modified_time":"2024-06-24T09:37:21+00:00","og_image":[{"url":"https:\/\/djkuls.de\/wp-content\/uploads\/2021\/11\/DJ_Ali-Kul_1.png","type":"","width":"","height":""}],"twitter_card":"summary_large_image","twitter_misc":{"Tahmini okuma s\u00fcresi":"1 dakika"},"schema":{"@context":"https:\/\/schema.org","@graph":[{"@type":"WebPage","@id":"https:\/\/djkuls.de\/kontakt","url":"https:\/\/djkuls.de\/kontakt","name":"Kontakt - Djkuls","isPartOf":{"@id":"https:\/\/djkuls.de\/#website"},"primaryImageOfPage":{"@id":"https:\/\/djkuls.de\/kontakt#primaryimage"},"image":{"@id":"https:\/\/djkuls.de\/kontakt#primaryimage"},"thumbnailUrl":"https:\/\/djkuls.de\/wp-content\/uploads\/2021\/11\/DJ_Ali-Kul_1.png","datePublished":"2021-11-16T15:20:24+00:00","dateModified":"2024-06-24T09:37:21+00:00","breadcrumb":{"@id":"https:\/\/djkuls.de\/kontakt#breadcrumb"},"inLanguage":"tr","potentialAction":[{"@type":"ReadAction","target":["https:\/\/djkuls.de\/kontakt"]}]},{"@type":"ImageObject","inLanguage":"tr","@id":"https:\/\/djkuls.de\/kontakt#primaryimage","url":"https:\/\/djkuls.de\/wp-content\/uploads\/2021\/11\/DJ_Ali-Kul_1.png","contentUrl":"https:\/\/djkuls.de\/wp-content\/uploads\/2021\/11\/DJ_Ali-Kul_1.png"},{"@type":"BreadcrumbList","@id":"https:\/\/djkuls.de\/kontakt#breadcrumb","itemListElement":[{"@type":"ListItem","position":1,"name":"Startseite","item":"https:\/\/djkuls.de\/"},{"@type":"ListItem","position":2,"name":"Kontakt"}]},{"@type":"WebSite","@id":"https:\/\/djkuls.de\/#website","url":"https:\/\/djkuls.de\/","name":"Djkuls Hochzeit und Event - Veranstaltungen","description":"","publisher":{"@id":"https:\/\/djkuls.de\/#organization"},"alternateName":"Djkuls D\u00fcg\u00fcn ve Kina organizasyonu","potentialAction":[{"@type":"SearchAction","target":{"@type":"EntryPoint","urlTemplate":"https:\/\/djkuls.de\/?s={search_term_string}"},"query-input":{"@type":"PropertyValueSpecification","valueRequired":true,"valueName":"search_term_string"}}],"inLanguage":"tr"},{"@type":"Organization","@id":"https:\/\/djkuls.de\/#organization","name":"Djkuls Events und Veranstaltungen","alternateName":"Djkuls d\u00fcg\u00fcn ve Kina organizasyon","url":"https:\/\/djkuls.de\/","logo":{"@type":"ImageObject","inLanguage":"tr","@id":"https:\/\/djkuls.de\/#\/schema\/logo\/image\/","url":"https:\/\/djkuls.de\/wp-content\/uploads\/2021\/11\/cropped-Kuls_Logo_512x512BL.png","contentUrl":"https:\/\/djkuls.de\/wp-content\/uploads\/2021\/11\/cropped-Kuls_Logo_512x512BL.png","width":512,"height":512,"caption":"Djkuls Events und Veranstaltungen"},"image":{"@id":"https:\/\/djkuls.de\/#\/schema\/logo\/image\/"},"sameAs":["https:\/\/www.facebook.com\/djkuls\/?locale=de_DE","https:\/\/www.youtube.com\/channel\/UCbl3rmZKeZmXOHxOoCPL1Kw\/videos"]}]}},"featured_image_src_square":null,"uagb_featured_image_src":{"full":false,"thumbnail":false,"medium":false,"medium_large":false,"large":false,"1536x1536":false,"2048x2048":false,"trp-custom-language-flag":false,"gb-block-post-grid-landscape":false,"gb-block-post-grid-square":false},"uagb_author_info":{"display_name":"EsrefYil21","author_link":"https:\/\/djkuls.de\/tr\/author\/esrefyil21"},"uagb_comment_info":0,"uagb_excerpt":"Teilen mit:","_links":{"self":[{"href":"https:\/\/djkuls.de\/tr\/wp-json\/wp\/v2\/pages\/24","targetHints":{"allow":["GET"]}}],"collection":[{"href":"https:\/\/djkuls.de\/tr\/wp-json\/wp\/v2\/pages"}],"about":[{"href":"https:\/\/djkuls.de\/tr\/wp-json\/wp\/v2\/types\/page"}],"author":[{"embeddable":true,"href":"https:\/\/djkuls.de\/tr\/wp-json\/wp\/v2\/users\/1"}],"replies":[{"embeddable":true,"href":"https:\/\/djkuls.de\/tr\/wp-json\/wp\/v2\/comments?post=24"}],"version-history":[{"count":9,"href":"https:\/\/djkuls.de\/tr\/wp-json\/wp\/v2\/pages\/24\/revisions"}],"predecessor-version":[{"id":540,"href":"https:\/\/djkuls.de\/tr\/wp-json\/wp\/v2\/pages\/24\/revisions\/540"}],"wp:attachment":[{"href":"https:\/\/djkuls.de\/tr\/wp-json\/wp\/v2\/media?parent=24"}],"curies":[{"name":"wp","href":"https:\/\/api.w.org\/{rel}","templated":true}]}}